{"id":63,"date":"2024-10-01T01:00:32","date_gmt":"2024-10-01T01:00:32","guid":{"rendered":"https:\/\/henriqueatelie.com.br\/?page_id=63"},"modified":"2024-10-25T13:17:00","modified_gmt":"2024-10-25T13:17:00","slug":"frottage-urbano","status":"publish","type":"page","link":"https:\/\/henriqueatelie.com.br\/?page_id=63","title":{"rendered":"Galeria"},"content":{"rendered":"\t\t<div data-elementor-type=\"wp-page\" data-elementor-id=\"63\" class=\"elementor elementor-63\" data-elementor-settings=\"{&quot;ha_cmc_init_switcher&quot;:&quot;no&quot;}\">\n\t\t\t\t<div class=\"elementor-element elementor-element-1c54065 e-flex e-con-boxed wpr-particle-no wpr-jarallax-no wpr-parallax-no wpr-sticky-section-no wpr-equal-height-no e-con e-parent\" data-id=\"1c54065\" data-element_type=\"container\" data-e-type=\"container\" data-settings=\"{&quot;background_background&quot;:&quot;classic&quot;,&quot;_ha_eqh_enable&quot;:false}\">\n\t\t\t\t\t<div class=\"e-con-inner\">\n\t\t\t\t<div class=\"elementor-element elementor-element-8850bf4 elementor-widget elementor-widget-heading\" data-id=\"8850bf4\" data-element_type=\"widget\" data-e-type=\"widget\" data-widget_type=\"heading.default\">\n\t\t\t\t<div class=\"elementor-widget-container\">\n\t\t\t\t\t<h2 class=\"elementor-heading-title elementor-size-default\">Galeria<\/h2>\t\t\t\t<\/div>\n\t\t\t\t<\/div>\n\t\t\t\t\t<\/div>\n\t\t\t\t<\/div>\n\t\t<div class=\"elementor-element elementor-element-82256a5 e-flex e-con-boxed wpr-particle-no wpr-jarallax-no wpr-parallax-no wpr-sticky-section-no wpr-equal-height-no e-con e-parent\" data-id=\"82256a5\" data-element_type=\"container\" data-e-type=\"container\" data-settings=\"{&quot;_ha_eqh_enable&quot;:false}\">\n\t\t\t\t\t<div class=\"e-con-inner\">\n\t\t<div class=\"elementor-element elementor-element-b2ceb23 e-con-full e-flex wpr-particle-no wpr-jarallax-no wpr-parallax-no wpr-sticky-section-no wpr-equal-height-no e-con e-child\" data-id=\"b2ceb23\" data-element_type=\"container\" data-e-type=\"container\" data-settings=\"{&quot;_ha_eqh_enable&quot;:false}\">\n\t\t\t\t<div class=\"elementor-element elementor-element-139080b elementor-position-top ha-has-bg-overlay elementor-widget elementor-widget-image-box\" data-id=\"139080b\" data-element_type=\"widget\" data-e-type=\"widget\" data-widget_type=\"image-box.default\">\n\t\t\t\t<div class=\"elementor-widget-container\">\n\t\t\t\t\t<div class=\"elementor-image-box-wrapper\"><figure class=\"elementor-image-box-img\"><img fetchpriority=\"high\" decoding=\"async\" width=\"1000\" height=\"700\" src=\"https:\/\/henriqueatelie.com.br\/wp-content\/uploads\/2024\/10\/01-1.png\" class=\"attachment-full size-full wp-image-205\" alt=\"\" srcset=\"https:\/\/henriqueatelie.com.br\/wp-content\/uploads\/2024\/10\/01-1.png 1000w, https:\/\/henriqueatelie.com.br\/wp-content\/uploads\/2024\/10\/01-1-300x210.png 300w, https:\/\/henriqueatelie.com.br\/wp-content\/uploads\/2024\/10\/01-1-768x538.png 768w\" sizes=\"(max-width: 1000px) 100vw, 1000px\" \/><\/figure><div class=\"elementor-image-box-content\"><p class=\"elementor-image-box-description\">N\u00famero: 808 <br>\nDimens\u00e3o: 3mts x 3mts<br>\nT\u00edtulo: Transmutazione<br>\nT\u00e9cnica: Acr\u00edlica a frottage s\/tela \"frotage<br>\nData: 2000<br>\nLocal: Roma - It\u00e1lia<\/p><\/div><\/div>\t\t\t\t<\/div>\n\t\t\t\t<\/div>\n\t\t\t\t<div class=\"elementor-element elementor-element-8362915 elementor-position-top ha-has-bg-overlay elementor-widget elementor-widget-image-box\" data-id=\"8362915\" data-element_type=\"widget\" data-e-type=\"widget\" data-widget_type=\"image-box.default\">\n\t\t\t\t<div class=\"elementor-widget-container\">\n\t\t\t\t\t<div class=\"elementor-image-box-wrapper\"><figure class=\"elementor-image-box-img\"><img decoding=\"async\" width=\"1000\" height=\"700\" src=\"https:\/\/henriqueatelie.com.br\/wp-content\/uploads\/2024\/10\/02-1.png\" class=\"attachment-full size-full wp-image-206\" alt=\"\" srcset=\"https:\/\/henriqueatelie.com.br\/wp-content\/uploads\/2024\/10\/02-1.png 1000w, https:\/\/henriqueatelie.com.br\/wp-content\/uploads\/2024\/10\/02-1-300x210.png 300w, https:\/\/henriqueatelie.com.br\/wp-content\/uploads\/2024\/10\/02-1-768x538.png 768w\" sizes=\"(max-width: 1000px) 100vw, 1000px\" \/><\/figure><div class=\"elementor-image-box-content\"><p class=\"elementor-image-box-description\">N\u00famero: 509 <br>\nDimens\u00e3o: 1mt x 1mt<br>\nT\u00edtulo: Roma Termini<br>\nT\u00e9cnica: Grafite a Frottage s\/ tela<br>\nData: 2000<br>\nLocal: Roma - It\u00e1lia<\/p><\/div><\/div>\t\t\t\t<\/div>\n\t\t\t\t<\/div>\n\t\t\t\t<div class=\"elementor-element elementor-element-1aaa3fa elementor-position-top ha-has-bg-overlay elementor-widget elementor-widget-image-box\" data-id=\"1aaa3fa\" data-element_type=\"widget\" data-e-type=\"widget\" data-widget_type=\"image-box.default\">\n\t\t\t\t<div class=\"elementor-widget-container\">\n\t\t\t\t\t<div class=\"elementor-image-box-wrapper\"><figure class=\"elementor-image-box-img\"><img decoding=\"async\" width=\"1000\" height=\"700\" src=\"https:\/\/henriqueatelie.com.br\/wp-content\/uploads\/2024\/10\/03-1.png\" class=\"attachment-full size-full wp-image-207\" alt=\"\" srcset=\"https:\/\/henriqueatelie.com.br\/wp-content\/uploads\/2024\/10\/03-1.png 1000w, https:\/\/henriqueatelie.com.br\/wp-content\/uploads\/2024\/10\/03-1-300x210.png 300w, https:\/\/henriqueatelie.com.br\/wp-content\/uploads\/2024\/10\/03-1-768x538.png 768w\" sizes=\"(max-width: 1000px) 100vw, 1000px\" \/><\/figure><div class=\"elementor-image-box-content\"><p class=\"elementor-image-box-description\">N\u00famero: 514 <br>\nDimens\u00e3o: 1,56  x1,06<br>\nT\u00edtulo: P\u00e0nteon<br>\nT\u00e9cnica: Acr\u00edlica s\/ tela colegem \"frottage\" <br>\nData: 2000<br>\nLocal: Roma - It\u00e1lia<\/p><\/div><\/div>\t\t\t\t<\/div>\n\t\t\t\t<\/div>\n\t\t\t\t<\/div>\n\t\t<div class=\"elementor-element elementor-element-4d3ab40 e-con-full e-flex wpr-particle-no wpr-jarallax-no wpr-parallax-no wpr-sticky-section-no wpr-equal-height-no e-con e-child\" data-id=\"4d3ab40\" data-element_type=\"container\" data-e-type=\"container\" data-settings=\"{&quot;_ha_eqh_enable&quot;:false}\">\n\t\t\t\t<div class=\"elementor-element elementor-element-bfe1dac elementor-position-top ha-has-bg-overlay elementor-widget elementor-widget-image-box\" data-id=\"bfe1dac\" data-element_type=\"widget\" data-e-type=\"widget\" data-widget_type=\"image-box.default\">\n\t\t\t\t<div class=\"elementor-widget-container\">\n\t\t\t\t\t<div class=\"elementor-image-box-wrapper\"><figure class=\"elementor-image-box-img\"><img loading=\"lazy\" decoding=\"async\" width=\"1000\" height=\"700\" src=\"https:\/\/henriqueatelie.com.br\/wp-content\/uploads\/2024\/10\/04-1.png\" class=\"attachment-full size-full wp-image-208\" alt=\"\" srcset=\"https:\/\/henriqueatelie.com.br\/wp-content\/uploads\/2024\/10\/04-1.png 1000w, https:\/\/henriqueatelie.com.br\/wp-content\/uploads\/2024\/10\/04-1-300x210.png 300w, https:\/\/henriqueatelie.com.br\/wp-content\/uploads\/2024\/10\/04-1-768x538.png 768w\" sizes=\"(max-width: 1000px) 100vw, 1000px\" \/><\/figure><div class=\"elementor-image-box-content\"><p class=\"elementor-image-box-description\">N\u00famero: 424 <br>\nDimens\u00e3o: 71 x 56cm<br>\nT\u00edtulo: Sogno Vitale<br>\nT\u00e9cnica: Acr\u00edlica s\/cart\u00e3o colagem \"frotage\"<br>\nData: 2000<br>\nLocal: Roma - It\u00e1lia<\/p><\/div><\/div>\t\t\t\t<\/div>\n\t\t\t\t<\/div>\n\t\t\t\t<div class=\"elementor-element elementor-element-944016c elementor-position-top ha-has-bg-overlay elementor-widget elementor-widget-image-box\" data-id=\"944016c\" data-element_type=\"widget\" data-e-type=\"widget\" data-widget_type=\"image-box.default\">\n\t\t\t\t<div class=\"elementor-widget-container\">\n\t\t\t\t\t<div class=\"elementor-image-box-wrapper\"><figure class=\"elementor-image-box-img\"><img loading=\"lazy\" decoding=\"async\" width=\"1000\" height=\"700\" src=\"https:\/\/henriqueatelie.com.br\/wp-content\/uploads\/2024\/10\/05-1.png\" class=\"attachment-full size-full wp-image-209\" alt=\"\" srcset=\"https:\/\/henriqueatelie.com.br\/wp-content\/uploads\/2024\/10\/05-1.png 1000w, https:\/\/henriqueatelie.com.br\/wp-content\/uploads\/2024\/10\/05-1-300x210.png 300w, https:\/\/henriqueatelie.com.br\/wp-content\/uploads\/2024\/10\/05-1-768x538.png 768w\" sizes=\"(max-width: 1000px) 100vw, 1000px\" \/><\/figure><div class=\"elementor-image-box-content\"><p class=\"elementor-image-box-description\">N\u00famero: 337 <br>\nDimens\u00e3o: 1,005 x 65cm<br>\nT\u00edtulo: Apocalipse<br>\nT\u00e9cnica: Mixa s\/tela \"Frottage\"<br>\nData: 2008<br>\nLocal: Milano - It\u00e1lia<\/p><\/div><\/div>\t\t\t\t<\/div>\n\t\t\t\t<\/div>\n\t\t\t\t<div class=\"elementor-element elementor-element-625d2c9 elementor-position-top ha-has-bg-overlay elementor-widget elementor-widget-image-box\" data-id=\"625d2c9\" data-element_type=\"widget\" data-e-type=\"widget\" data-widget_type=\"image-box.default\">\n\t\t\t\t<div class=\"elementor-widget-container\">\n\t\t\t\t\t<div class=\"elementor-image-box-wrapper\"><figure class=\"elementor-image-box-img\"><img loading=\"lazy\" decoding=\"async\" width=\"1000\" height=\"700\" src=\"https:\/\/henriqueatelie.com.br\/wp-content\/uploads\/2024\/10\/06-1.png\" class=\"attachment-full size-full wp-image-210\" alt=\"\" srcset=\"https:\/\/henriqueatelie.com.br\/wp-content\/uploads\/2024\/10\/06-1.png 1000w, https:\/\/henriqueatelie.com.br\/wp-content\/uploads\/2024\/10\/06-1-300x210.png 300w, https:\/\/henriqueatelie.com.br\/wp-content\/uploads\/2024\/10\/06-1-768x538.png 768w\" sizes=\"(max-width: 1000px) 100vw, 1000px\" \/><\/figure><div class=\"elementor-image-box-content\"><p class=\"elementor-image-box-description\">N\u00famero: 622 <br>\nDimens\u00e3o: 95 x 76cm<br>\nT\u00edtulo: Giolane<br>\nT\u00e9cnica: Acr\u00edlica s\/ tela \"frottage\" <br>\nData: 2003<br>\nLocal: Brasil<\/p><\/div><\/div>\t\t\t\t<\/div>\n\t\t\t\t<\/div>\n\t\t\t\t<\/div>\n\t\t<div class=\"elementor-element elementor-element-3c1e0c4 e-con-full e-flex wpr-particle-no wpr-jarallax-no wpr-parallax-no wpr-sticky-section-no wpr-equal-height-no e-con e-child\" data-id=\"3c1e0c4\" data-element_type=\"container\" data-e-type=\"container\" data-settings=\"{&quot;_ha_eqh_enable&quot;:false}\">\n\t\t\t\t<div class=\"elementor-element elementor-element-5139ce5 elementor-position-top ha-has-bg-overlay elementor-widget elementor-widget-image-box\" data-id=\"5139ce5\" data-element_type=\"widget\" data-e-type=\"widget\" data-widget_type=\"image-box.default\">\n\t\t\t\t<div class=\"elementor-widget-container\">\n\t\t\t\t\t<div class=\"elementor-image-box-wrapper\"><figure class=\"elementor-image-box-img\"><img loading=\"lazy\" decoding=\"async\" width=\"1000\" height=\"700\" src=\"https:\/\/henriqueatelie.com.br\/wp-content\/uploads\/2024\/10\/07-1.png\" class=\"attachment-full size-full wp-image-211\" alt=\"\" srcset=\"https:\/\/henriqueatelie.com.br\/wp-content\/uploads\/2024\/10\/07-1.png 1000w, https:\/\/henriqueatelie.com.br\/wp-content\/uploads\/2024\/10\/07-1-300x210.png 300w, https:\/\/henriqueatelie.com.br\/wp-content\/uploads\/2024\/10\/07-1-768x538.png 768w\" sizes=\"(max-width: 1000px) 100vw, 1000px\" \/><\/figure><div class=\"elementor-image-box-content\"><p class=\"elementor-image-box-description\">N\u00famero: 205 <br>\nDimens\u00e3o: 85 x 85 x 9cm<br>\nT\u00edtulo: S\/T<br>\nT\u00e9cnica: Mista s\/a\u00e7o<br>\nData: 2010<br>\nLocal: Brasil<\/p><\/div><\/div>\t\t\t\t<\/div>\n\t\t\t\t<\/div>\n\t\t\t\t<div class=\"elementor-element elementor-element-03f38cd elementor-position-top ha-has-bg-overlay elementor-widget elementor-widget-image-box\" data-id=\"03f38cd\" data-element_type=\"widget\" data-e-type=\"widget\" data-widget_type=\"image-box.default\">\n\t\t\t\t<div class=\"elementor-widget-container\">\n\t\t\t\t\t<div class=\"elementor-image-box-wrapper\"><figure class=\"elementor-image-box-img\"><img loading=\"lazy\" decoding=\"async\" width=\"1000\" height=\"700\" src=\"https:\/\/henriqueatelie.com.br\/wp-content\/uploads\/2024\/10\/08-1.png\" class=\"attachment-full size-full wp-image-212\" alt=\"\" srcset=\"https:\/\/henriqueatelie.com.br\/wp-content\/uploads\/2024\/10\/08-1.png 1000w, https:\/\/henriqueatelie.com.br\/wp-content\/uploads\/2024\/10\/08-1-300x210.png 300w, https:\/\/henriqueatelie.com.br\/wp-content\/uploads\/2024\/10\/08-1-768x538.png 768w\" sizes=\"(max-width: 1000px) 100vw, 1000px\" \/><\/figure><div class=\"elementor-image-box-content\"><p class=\"elementor-image-box-description\">N\u00famero: 339<br>\nDimens\u00e3o: 86 x 64,5cm<br>\nT\u00edtulo: Princesa<br>\nT\u00e9cnica: Mista s\/tela \"Frottage\"<br>\nData: 2007<br>\nLocal: Milano - It\u00e1lia<\/p><\/div><\/div>\t\t\t\t<\/div>\n\t\t\t\t<\/div>\n\t\t\t\t<div class=\"elementor-element elementor-element-dc5c191 elementor-position-top ha-has-bg-overlay elementor-widget elementor-widget-image-box\" data-id=\"dc5c191\" data-element_type=\"widget\" data-e-type=\"widget\" data-widget_type=\"image-box.default\">\n\t\t\t\t<div class=\"elementor-widget-container\">\n\t\t\t\t\t<div class=\"elementor-image-box-wrapper\"><figure class=\"elementor-image-box-img\"><img loading=\"lazy\" decoding=\"async\" width=\"1000\" height=\"700\" src=\"https:\/\/henriqueatelie.com.br\/wp-content\/uploads\/2024\/10\/09-1.png\" class=\"attachment-full size-full wp-image-213\" alt=\"\" srcset=\"https:\/\/henriqueatelie.com.br\/wp-content\/uploads\/2024\/10\/09-1.png 1000w, https:\/\/henriqueatelie.com.br\/wp-content\/uploads\/2024\/10\/09-1-300x210.png 300w, https:\/\/henriqueatelie.com.br\/wp-content\/uploads\/2024\/10\/09-1-768x538.png 768w\" sizes=\"(max-width: 1000px) 100vw, 1000px\" \/><\/figure><div class=\"elementor-image-box-content\"><p class=\"elementor-image-box-description\">N\u00famero: 355 <br>\nDimens\u00e3o: 1,30 x 93 x 17xm<br>\nT\u00edtulo: S\/T<br>\nT\u00e9cnica: Mista s\/a\u00e7o<br>\nData: 2011<br>\nLocal: Brasil<\/p><\/div><\/div>\t\t\t\t<\/div>\n\t\t\t\t<\/div>\n\t\t\t\t<\/div>\n\t\t<div class=\"elementor-element elementor-element-4e8ddc9 e-con-full e-flex wpr-particle-no wpr-jarallax-no wpr-parallax-no wpr-sticky-section-no wpr-equal-height-no e-con e-child\" data-id=\"4e8ddc9\" data-element_type=\"container\" data-e-type=\"container\" data-settings=\"{&quot;_ha_eqh_enable&quot;:false}\">\n\t\t\t\t<div class=\"elementor-element elementor-element-54e0dc5 elementor-position-top ha-has-bg-overlay elementor-widget elementor-widget-image-box\" data-id=\"54e0dc5\" data-element_type=\"widget\" data-e-type=\"widget\" data-widget_type=\"image-box.default\">\n\t\t\t\t<div class=\"elementor-widget-container\">\n\t\t\t\t\t<div class=\"elementor-image-box-wrapper\"><figure class=\"elementor-image-box-img\"><img loading=\"lazy\" decoding=\"async\" width=\"1000\" height=\"700\" src=\"https:\/\/henriqueatelie.com.br\/wp-content\/uploads\/2024\/10\/10-1.png\" class=\"attachment-full size-full wp-image-214\" alt=\"\" srcset=\"https:\/\/henriqueatelie.com.br\/wp-content\/uploads\/2024\/10\/10-1.png 1000w, https:\/\/henriqueatelie.com.br\/wp-content\/uploads\/2024\/10\/10-1-300x210.png 300w, https:\/\/henriqueatelie.com.br\/wp-content\/uploads\/2024\/10\/10-1-768x538.png 768w\" sizes=\"(max-width: 1000px) 100vw, 1000px\" \/><\/figure><div class=\"elementor-image-box-content\"><p class=\"elementor-image-box-description\">N\u00famero: 223 <br>\nDimens\u00e3o: 96 x 88 x 14cm<br>\nT\u00edtulo: Mar Vermelho<br>\nT\u00e9cnica: Mista s\/a\u00e7o<br>\nData: 2011<br>\nLocal: Brasil<\/p><\/div><\/div>\t\t\t\t<\/div>\n\t\t\t\t<\/div>\n\t\t\t\t<div class=\"elementor-element elementor-element-39f6424 elementor-position-top ha-has-bg-overlay elementor-widget elementor-widget-image-box\" data-id=\"39f6424\" data-element_type=\"widget\" data-e-type=\"widget\" data-widget_type=\"image-box.default\">\n\t\t\t\t<div class=\"elementor-widget-container\">\n\t\t\t\t\t<div class=\"elementor-image-box-wrapper\"><figure class=\"elementor-image-box-img\"><img loading=\"lazy\" decoding=\"async\" width=\"1000\" height=\"700\" src=\"https:\/\/henriqueatelie.com.br\/wp-content\/uploads\/2024\/10\/11-1.png\" class=\"attachment-full size-full wp-image-215\" alt=\"\" srcset=\"https:\/\/henriqueatelie.com.br\/wp-content\/uploads\/2024\/10\/11-1.png 1000w, https:\/\/henriqueatelie.com.br\/wp-content\/uploads\/2024\/10\/11-1-300x210.png 300w, https:\/\/henriqueatelie.com.br\/wp-content\/uploads\/2024\/10\/11-1-768x538.png 768w\" sizes=\"(max-width: 1000px) 100vw, 1000px\" \/><\/figure><div class=\"elementor-image-box-content\"><p class=\"elementor-image-box-description\">N\u00famero: 633 <br>\nDimens\u00e3o:94 x 64cm<br>\nT\u00edtulo: Ararai<br>\nT\u00e9cnica: Mista s\/tela \"Frottage\"<br>\nData: 2008<br>\nLocal: Milano - It\u00e1lia<\/p><\/div><\/div>\t\t\t\t<\/div>\n\t\t\t\t<\/div>\n\t\t\t\t<div class=\"elementor-element elementor-element-c5a16d5 elementor-position-top ha-has-bg-overlay elementor-widget elementor-widget-image-box\" data-id=\"c5a16d5\" data-element_type=\"widget\" data-e-type=\"widget\" data-widget_type=\"image-box.default\">\n\t\t\t\t<div class=\"elementor-widget-container\">\n\t\t\t\t\t<div class=\"elementor-image-box-wrapper\"><figure class=\"elementor-image-box-img\"><img loading=\"lazy\" decoding=\"async\" width=\"1000\" height=\"700\" src=\"https:\/\/henriqueatelie.com.br\/wp-content\/uploads\/2024\/10\/13.png\" class=\"attachment-full size-full wp-image-441\" alt=\"\" srcset=\"https:\/\/henriqueatelie.com.br\/wp-content\/uploads\/2024\/10\/13.png 1000w, https:\/\/henriqueatelie.com.br\/wp-content\/uploads\/2024\/10\/13-300x210.png 300w, https:\/\/henriqueatelie.com.br\/wp-content\/uploads\/2024\/10\/13-768x538.png 768w\" sizes=\"(max-width: 1000px) 100vw, 1000px\" \/><\/figure><div class=\"elementor-image-box-content\"><p class=\"elementor-image-box-description\">Dimens\u00e3o:66x46cm<br>\nT\u00edtulo: Studiano la realt\u00e0<br>\nGrafite su carta e giornale<br>\nData: 2000<br>\nLocal: Roma - Via Benaco, 2<\/p><\/div><\/div>\t\t\t\t<\/div>\n\t\t\t\t<\/div>\n\t\t\t\t<\/div>\n\t\t<div class=\"elementor-element elementor-element-7181087 e-con-full e-flex wpr-particle-no wpr-jarallax-no wpr-parallax-no wpr-sticky-section-no wpr-equal-height-no e-con e-child\" data-id=\"7181087\" data-element_type=\"container\" data-e-type=\"container\" data-settings=\"{&quot;_ha_eqh_enable&quot;:false}\">\n\t\t\t\t<div class=\"elementor-element elementor-element-756b5ea elementor-position-top ha-has-bg-overlay elementor-widget elementor-widget-image-box\" data-id=\"756b5ea\" data-element_type=\"widget\" data-e-type=\"widget\" data-widget_type=\"image-box.default\">\n\t\t\t\t<div class=\"elementor-widget-container\">\n\t\t\t\t\t<div class=\"elementor-image-box-wrapper\"><figure class=\"elementor-image-box-img\"><img loading=\"lazy\" decoding=\"async\" width=\"1000\" height=\"700\" src=\"https:\/\/henriqueatelie.com.br\/wp-content\/uploads\/2024\/10\/14.png\" class=\"attachment-full size-full wp-image-442\" alt=\"\" srcset=\"https:\/\/henriqueatelie.com.br\/wp-content\/uploads\/2024\/10\/14.png 1000w, https:\/\/henriqueatelie.com.br\/wp-content\/uploads\/2024\/10\/14-300x210.png 300w, https:\/\/henriqueatelie.com.br\/wp-content\/uploads\/2024\/10\/14-768x538.png 768w\" sizes=\"(max-width: 1000px) 100vw, 1000px\" \/><\/figure><div class=\"elementor-image-box-content\"><p class=\"elementor-image-box-description\">Dimens\u00e3o:74x58cm<br>\nT\u00edtulo: \"Via Benaco, 2 - Maternit\u00e0\"<br>\nAcrilico a frottage su tela<br>\nData: 2000<br>\nLocal: Roma - Via Benaco, 2<\/p><\/div><\/div>\t\t\t\t<\/div>\n\t\t\t\t<\/div>\n\t\t\t\t<div class=\"elementor-element elementor-element-2484036 elementor-position-top ha-has-bg-overlay elementor-widget elementor-widget-image-box\" data-id=\"2484036\" data-element_type=\"widget\" data-e-type=\"widget\" data-widget_type=\"image-box.default\">\n\t\t\t\t<div class=\"elementor-widget-container\">\n\t\t\t\t\t<div class=\"elementor-image-box-wrapper\"><figure class=\"elementor-image-box-img\"><img loading=\"lazy\" decoding=\"async\" width=\"1000\" height=\"700\" src=\"https:\/\/henriqueatelie.com.br\/wp-content\/uploads\/2024\/10\/12-1.png\" class=\"attachment-full size-full wp-image-216\" alt=\"\" srcset=\"https:\/\/henriqueatelie.com.br\/wp-content\/uploads\/2024\/10\/12-1.png 1000w, https:\/\/henriqueatelie.com.br\/wp-content\/uploads\/2024\/10\/12-1-300x210.png 300w, https:\/\/henriqueatelie.com.br\/wp-content\/uploads\/2024\/10\/12-1-768x538.png 768w\" sizes=\"(max-width: 1000px) 100vw, 1000px\" \/><\/figure><div class=\"elementor-image-box-content\"><p class=\"elementor-image-box-description\">Cole\u00e7\u00e3o particular com ferro<\/p><\/div><\/div>\t\t\t\t<\/div>\n\t\t\t\t<\/div>\n\t\t\t\t<\/div>\n\t\t\t\t\t<\/div>\n\t\t\t\t<\/div>\n\t\t\t\t<\/div>\n\t\t","protected":false},"excerpt":{"rendered":"<p>Galeria N\u00famero: 808 Dimens\u00e3o: 3mts x 3mts T\u00edtulo: Transmutazione T\u00e9cnica: Acr\u00edlica a frottage s\/tela &#8220;frotage Data: 2000 Local: Roma &#8211; It\u00e1lia N\u00famero: 509 Dimens\u00e3o: 1mt x 1mt T\u00edtulo: Roma Termini T\u00e9cnica: Grafite a Frottage s\/ tela Data: 2000 Local: Roma &#8211; It\u00e1lia N\u00famero: 514 Dimens\u00e3o: 1,56 x1,06 T\u00edtulo: P\u00e0nteon T\u00e9cnica: Acr\u00edlica s\/ tela colegem &#8220;frottage&#8221; Data: 2000 Local: Roma &#8211; It\u00e1lia N\u00famero: 424 Dimens\u00e3o: 71 x 56cm T\u00edtulo: Sogno Vitale T\u00e9cnica: Acr\u00edlica s\/cart\u00e3o colagem &#8220;frotage&#8221; Data: 2000 Local: Roma &#8211; It\u00e1lia N\u00famero: 337 Dimens\u00e3o: 1,005 x 65cm T\u00edtulo: Apocalipse T\u00e9cnica: Mixa s\/tela &#8220;Frottage&#8221; Data: 2008 Local: Milano &#8211; It\u00e1lia N\u00famero: 622 Dimens\u00e3o: 95 x 76cm T\u00edtulo: Giolane T\u00e9cnica: Acr\u00edlica s\/ tela &#8220;frottage&#8221; Data: 2003 Local: Brasil N\u00famero: 205 Dimens\u00e3o: 85 x 85 x 9cm T\u00edtulo: S\/T T\u00e9cnica: Mista s\/a\u00e7o Data: 2010 Local: Brasil N\u00famero: 339 Dimens\u00e3o: 86 x 64,5cm T\u00edtulo: Princesa T\u00e9cnica: Mista s\/tela &#8220;Frottage&#8221; Data: 2007 Local: Milano &#8211; It\u00e1lia N\u00famero: 355 Dimens\u00e3o: 1,30 x 93 x 17xm T\u00edtulo: S\/T T\u00e9cnica: Mista s\/a\u00e7o Data: 2011 Local: Brasil N\u00famero: 223 Dimens\u00e3o: 96 x 88 x 14cm T\u00edtulo: Mar Vermelho T\u00e9cnica: Mista s\/a\u00e7o Data: 2011 Local: Brasil N\u00famero: 633 Dimens\u00e3o:94 x 64cm T\u00edtulo: Ararai T\u00e9cnica: Mista s\/tela &#8220;Frottage&#8221; Data: 2008 Local: Milano &#8211; It\u00e1lia Dimens\u00e3o:66x46cm T\u00edtulo: Studiano la realt\u00e0 Grafite su carta e giornale Data: 2000 Local: Roma &#8211; Via Benaco, 2 Dimens\u00e3o:74x58cm T\u00edtulo: &#8220;Via Benaco, 2 &#8211; Maternit\u00e0&#8221; Acrilico a frottage su tela Data: 2000 Local: Roma &#8211; Via Benaco, 2 Cole\u00e7\u00e3o particular com ferro<\/p>\n","protected":false},"author":1,"featured_media":0,"parent":0,"menu_order":0,"comment_status":"closed","ping_status":"closed","template":"elementor_header_footer","meta":{"footnotes":""},"class_list":["post-63","page","type-page","status-publish","hentry"],"_links":{"self":[{"href":"https:\/\/henriqueatelie.com.br\/index.php?rest_route=\/wp\/v2\/pages\/63","targetHints":{"allow":["GET"]}}],"collection":[{"href":"https:\/\/henriqueatelie.com.br\/index.php?rest_route=\/wp\/v2\/pages"}],"about":[{"href":"https:\/\/henriqueatelie.com.br\/index.php?rest_route=\/wp\/v2\/types\/page"}],"author":[{"embeddable":true,"href":"https:\/\/henriqueatelie.com.br\/index.php?rest_route=\/wp\/v2\/users\/1"}],"replies":[{"embeddable":true,"href":"https:\/\/henriqueatelie.com.br\/index.php?rest_route=%2Fwp%2Fv2%2Fcomments&post=63"}],"version-history":[{"count":32,"href":"https:\/\/henriqueatelie.com.br\/index.php?rest_route=\/wp\/v2\/pages\/63\/revisions"}],"predecessor-version":[{"id":479,"href":"https:\/\/henriqueatelie.com.br\/index.php?rest_route=\/wp\/v2\/pages\/63\/revisions\/479"}],"wp:attachment":[{"href":"https:\/\/henriqueatelie.com.br\/index.php?rest_route=%2Fwp%2Fv2%2Fmedia&parent=63"}],"curies":[{"name":"wp","href":"https:\/\/api.w.org\/{rel}","templated":true}]}}